{"id":2890,"date":"2024-10-11T15:53:17","date_gmt":"2024-10-11T13:53:17","guid":{"rendered":"https:\/\/www.work-press.org\/fr\/?page_id=2890"},"modified":"2024-10-11T17:20:02","modified_gmt":"2024-10-11T15:20:02","slug":"demande-de-renouvellement","status":"publish","type":"page","link":"https:\/\/www.work-press.org\/fr\/demande-de-renouvellement\/","title":{"rendered":"Demande de Renouvellement"},"content":{"rendered":"\n<div class=\"wp-block-group is-layout-constrained wp-block-group-is-layout-constrained\">\n<div class=\"wp-block-uagb-image aligncenter uagb-block-8e114b02 wp-block-uagb-image--layout-default wp-block-uagb-image--effect-static wp-block-uagb-image--align-center uag-hide-tab uag-hide-mob\"><figure class=\"wp-block-uagb-image__figure\"><img decoding=\"async\" srcset=\"https:\/\/www.work-press.org\/fr\/wp-content\/uploads\/bandeau-ora-tel-questions-800x77-1.webp ,https:\/\/www.work-press.org\/fr\/wp-content\/uploads\/bandeau-ora-tel-questions-800x77-1.webp 780w, https:\/\/www.work-press.org\/fr\/wp-content\/uploads\/bandeau-ora-tel-questions-800x77-1.webp 360w\" sizes=\"auto, (max-width: 480px) 150px\" src=\"https:\/\/www.work-press.org\/fr\/wp-content\/uploads\/bandeau-ora-tel-questions-800x77-1.webp\" alt=\"\" class=\"uag-image-2281\" width=\"800\" height=\"77\" title=\"bandeau-ora-tel-questions-800x77\" loading=\"lazy\" role=\"img\"\/><\/figure><\/div>\n\n\n\n<div class=\"wp-block-uagb-image aligncenter uagb-block-8f7c835d wp-block-uagb-image--layout-default wp-block-uagb-image--effect-static wp-block-uagb-image--align-center uag-hide-desktop uag-hide-mob\"><figure class=\"wp-block-uagb-image__figure\"><img decoding=\"async\" srcset=\"https:\/\/www.work-press.org\/fr\/wp-content\/uploads\/bandeau-ora-tel-questions-350x360-1.webp ,https:\/\/www.work-press.org\/fr\/wp-content\/uploads\/bandeau-ora-tel-questions-350x360-1.webp 780w, https:\/\/www.work-press.org\/fr\/wp-content\/uploads\/bandeau-ora-tel-questions-350x360-1.webp 360w\" sizes=\"auto, (max-width: 480px) 150px\" src=\"https:\/\/www.work-press.org\/fr\/wp-content\/uploads\/bandeau-ora-tel-questions-350x360-1.webp\" alt=\"\" class=\"uag-image-2154\" width=\"350\" height=\"360\" title=\"bandeau-ora-tel-questions-350x360\" loading=\"lazy\" role=\"img\"\/><\/figure><\/div>\n\n\n\n<div class=\"wp-block-uagb-image aligncenter uagb-block-bd4847ae wp-block-uagb-image--layout-default wp-block-uagb-image--effect-static wp-block-uagb-image--align-center uag-hide-desktop uag-hide-tab\"><figure class=\"wp-block-uagb-image__figure\"><img decoding=\"async\" srcset=\"https:\/\/www.work-press.org\/fr\/wp-content\/uploads\/bandeau-ora-tel-questions-235x240-1.webp ,https:\/\/www.work-press.org\/fr\/wp-content\/uploads\/bandeau-ora-tel-questions-235x240-1.webp 780w, https:\/\/www.work-press.org\/fr\/wp-content\/uploads\/bandeau-ora-tel-questions-235x240-1.webp 360w\" sizes=\"auto, (max-width: 480px) 150px\" src=\"https:\/\/www.work-press.org\/fr\/wp-content\/uploads\/bandeau-ora-tel-questions-235x240-1.webp\" alt=\"\" class=\"uag-image-2155\" width=\"1200\" height=\"116\" title=\"bandeau-ora-tel-questions-235x240\" loading=\"lazy\" role=\"img\"\/><\/figure><\/div>\n<\/div>\n\n\n\n<div style=\"height:21px\" aria-hidden=\"true\" class=\"wp-block-spacer\"><\/div>\n\n\n\n<div class=\"wp-block-group alignwide is-vertical is-content-justification-center is-layout-flex wp-container-core-group-is-layout-1201dcd2 wp-block-group-is-layout-flex\" style=\"margin-top:0;margin-bottom:0;padding-top:0;padding-right:var(--wp--preset--spacing--80);padding-bottom:0;padding-left:var(--wp--preset--spacing--80)\">\n<h2 class=\"wp-block-heading\" id=\"h-demande-de-renouvellement-de-votre-adhesion\"><span style=\"color: #3e9dd3;\">Demande de Renouvellement<\/span> de votre adh\u00e9sion<\/h2>\n\n\n\n<p class=\"wp-block-paragraph\">Veuillez compl\u00e9ter ce formulaire qui sera  transmis au service WorkPress qui g\u00e8re votre adh\u00e9sion.<br>N&rsquo;h\u00e9sitez pas \u00e0 nous contacter afin d&rsquo;obtenir des informations compl\u00e9mentaires.<\/p>\n<\/div>\n\n\n\n<div id=\"zf_div_FUNE3ie6TzJaWGESgEIJnuXp03bZRaI6gK5LakFoRY8\">\u00a0<\/div>\n<p><script type=\"text\/javascript\">(function() {\ntry{\nvar f = document.createElement(\"iframe\");\nf.src = 'https:\/\/forms.instantsecure.net\/regist\/form\/WorkPressouWPADemandederenouvellementFR\/formperma\/FUNE3ie6TzJaWGESgEIJnuXp03bZRaI6gK5LakFoRY8?zf_rszfm=1';\nf.style.border=\"none\";\nf.style.height=\"1855px\";\nf.style.width=\"90%\";\nf.style.transition=\"all 0.5s ease\";\n\nvar d = document.getElementById(\"zf_div_FUNE3ie6TzJaWGESgEIJnuXp03bZRaI6gK5LakFoRY8\");\nd.appendChild(f);\nwindow.addEventListener('message', function (){\nvar evntData = event.data;\nif( evntData && evntData.constructor == String ){\nvar zf_ifrm_data = evntData.split(\"|\");\nif ( zf_ifrm_data.length == 2 ) {\nvar zf_perma = zf_ifrm_data[0];\nvar zf_ifrm_ht_nw = ( parseInt(zf_ifrm_data[1], 10) + 15 ) + \"px\";\nvar iframe = document.getElementById(\"zf_div_FUNE3ie6TzJaWGESgEIJnuXp03bZRaI6gK5LakFoRY8\").getElementsByTagName(\"iframe\")[0];\nif ( (iframe.src).indexOf('formperma') > 0 && (iframe.src).indexOf(zf_perma) > 0 ) {\nvar prevIframeHeight = iframe.style.height;\nif ( prevIframeHeight != zf_ifrm_ht_nw ) {\niframe.style.height = zf_ifrm_ht_nw;\n}\n}\n}\n}\n}, false);\n}catch(e){}\n})();<\/script><\/p>\n","protected":false},"excerpt":{"rendered":"<p>Demande de Renouvellement de votre adh\u00e9sion Veuillez compl\u00e9ter ce formulaire qui sera transmis au service WorkPress qui g\u00e8re votre adh\u00e9sion.N&rsquo;h\u00e9sitez pas \u00e0 nous contacter afin d&rsquo;obtenir des informations compl\u00e9mentaires. \u00a0<\/p>\n","protected":false},"author":1,"featured_media":0,"parent":0,"menu_order":0,"comment_status":"closed","ping_status":"closed","template":"","meta":{"_crdt_document":"","_uag_custom_page_level_css":"","site-sidebar-layout":"default","site-content-layout":"","ast-site-content-layout":"default","site-content-style":"default","site-sidebar-style":"default","ast-global-header-display":"","ast-banner-title-visibility":"","ast-main-header-display":"","ast-hfb-above-header-display":"","ast-hfb-below-header-display":"","ast-hfb-mobile-header-display":"","site-post-title":"disabled","ast-breadcrumbs-content":"","ast-featured-img":"","footer-sml-layout":"","ast-disable-related-posts":"","theme-transparent-header-meta":"","adv-header-id-meta":"","stick-header-meta":"","header-above-stick-meta":"","header-main-stick-meta":"","header-below-stick-meta":"","astra-migrate-meta-layouts":"set","ast-page-background-enabled":"default","ast-page-background-meta":{"desktop":{"background-color":"var(--ast-global-color-4)","background-image":"","background-repeat":"repeat","background-position":"center center","background-size":"auto","background-attachment":"scroll","background-type":"","background-media":"","overlay-type":"","overlay-color":"","overlay-opacity":"","overlay-gradient":""},"tablet":{"background-color":"","background-image":"","background-repeat":"repeat","background-position":"center center","background-size":"auto","background-attachment":"scroll","background-type":"","background-media":"","overlay-type":"","overlay-color":"","overlay-opacity":"","overlay-gradient":""},"mobile":{"background-color":"","background-image":"","background-repeat":"repeat","background-position":"center center","background-size":"auto","background-attachment":"scroll","background-type":"","background-media":"","overlay-type":"","overlay-color":"","overlay-opacity":"","overlay-gradient":""}},"ast-content-background-meta":{"desktop":{"background-color":"var(--ast-global-color-5)","background-image":"","background-repeat":"repeat","background-position":"center center","background-size":"auto","background-attachment":"scroll","background-type":"","background-media":"","overlay-type":"","overlay-color":"","overlay-opacity":"","overlay-gradient":""},"tablet":{"background-color":"var(--ast-global-color-5)","background-image":"","background-repeat":"repeat","background-position":"center center","background-size":"auto","background-attachment":"scroll","background-type":"","background-media":"","overlay-type":"","overlay-color":"","overlay-opacity":"","overlay-gradient":""},"mobile":{"background-color":"var(--ast-global-color-5)","background-image":"","background-repeat":"repeat","background-position":"center center","background-size":"auto","background-attachment":"scroll","background-type":"","background-media":"","overlay-type":"","overlay-color":"","overlay-opacity":"","overlay-gradient":""}},"footnotes":""},"class_list":["post-2890","page","type-page","status-publish","hentry"],"yoast_head":"<!-- This site is optimized with the Yoast SEO Premium plugin v23.6 (Yoast SEO v27.0) - https:\/\/yoast.com\/product\/yoast-seo-premium-wordpress\/ -->\n<title>Demande de Renouvellement - WorkPress<\/title>\n<meta name=\"robots\" content=\"index, follow, max-snippet:-1, max-image-preview:large, max-video-preview:-1\" \/>\n<link rel=\"canonical\" href=\"https:\/\/www.work-press.org\/fr\/demande-de-renouvellement\/\" \/>\n<meta property=\"og:locale\" content=\"fr_FR\" \/>\n<meta property=\"og:type\" content=\"article\" \/>\n<meta property=\"og:title\" content=\"Demande de Renouvellement\" \/>\n<meta property=\"og:description\" content=\"Demande de Renouvellement de votre adh\u00e9sion Veuillez compl\u00e9ter ce formulaire qui sera transmis au service WorkPress qui g\u00e8re votre adh\u00e9sion.N&rsquo;h\u00e9sitez pas \u00e0 nous contacter afin d&rsquo;obtenir des informations compl\u00e9mentaires. \u00a0\" \/>\n<meta property=\"og:url\" content=\"https:\/\/www.work-press.org\/fr\/demande-de-renouvellement\/\" \/>\n<meta property=\"og:site_name\" content=\"WorkPress\" \/>\n<meta property=\"article:modified_time\" content=\"2024-10-11T15:20:02+00:00\" \/>\n<meta name=\"twitter:card\" content=\"summary_large_image\" \/>\n<meta name=\"twitter:label1\" content=\"Dur\u00e9e de lecture estim\u00e9e\" \/>\n\t<meta name=\"twitter:data1\" content=\"1 minute\" \/>\n<script type=\"application\/ld+json\" class=\"yoast-schema-graph\">{\"@context\":\"https:\/\/schema.org\",\"@graph\":[{\"@type\":\"WebPage\",\"@id\":\"https:\/\/www.work-press.org\/fr\/demande-de-renouvellement\/\",\"url\":\"https:\/\/www.work-press.org\/fr\/demande-de-renouvellement\/\",\"name\":\"Demande de Renouvellement - WorkPress\",\"isPartOf\":{\"@id\":\"https:\/\/www.work-press.org\/fr\/#website\"},\"datePublished\":\"2024-10-11T13:53:17+00:00\",\"dateModified\":\"2024-10-11T15:20:02+00:00\",\"breadcrumb\":{\"@id\":\"https:\/\/www.work-press.org\/fr\/demande-de-renouvellement\/#breadcrumb\"},\"inLanguage\":\"fr-FR\",\"potentialAction\":[{\"@type\":\"ReadAction\",\"target\":[\"https:\/\/www.work-press.org\/fr\/demande-de-renouvellement\/\"]}]},{\"@type\":\"BreadcrumbList\",\"@id\":\"https:\/\/www.work-press.org\/fr\/demande-de-renouvellement\/#breadcrumb\",\"itemListElement\":[{\"@type\":\"ListItem\",\"position\":1,\"name\":\"Home\",\"item\":\"https:\/\/www.work-press.org\/fr\/\"},{\"@type\":\"ListItem\",\"position\":2,\"name\":\"Demande de Renouvellement\"}]},{\"@type\":\"WebSite\",\"@id\":\"https:\/\/www.work-press.org\/fr\/#website\",\"url\":\"https:\/\/www.work-press.org\/fr\/\",\"name\":\"WorkPress\",\"description\":\"Le site en fran\u00e7ais du Syndicat WorkPress\",\"publisher\":{\"@id\":\"https:\/\/www.work-press.org\/fr\/#organization\"},\"potentialAction\":[{\"@type\":\"SearchAction\",\"target\":{\"@type\":\"EntryPoint\",\"urlTemplate\":\"https:\/\/www.work-press.org\/fr\/?s={search_term_string}\"},\"query-input\":{\"@type\":\"PropertyValueSpecification\",\"valueRequired\":true,\"valueName\":\"search_term_string\"}}],\"inLanguage\":\"fr-FR\"},{\"@type\":\"Organization\",\"@id\":\"https:\/\/www.work-press.org\/fr\/#organization\",\"name\":\"WorkPress\",\"url\":\"https:\/\/www.work-press.org\/fr\/\",\"logo\":{\"@type\":\"ImageObject\",\"inLanguage\":\"fr-FR\",\"@id\":\"https:\/\/www.work-press.org\/fr\/#\/schema\/logo\/image\/\",\"url\":\"https:\/\/www.work-press.org\/fr\/wp-content\/uploads\/2022\/07\/05_Logo_WP_union_press_workers_285x63_80-1.webp\",\"contentUrl\":\"https:\/\/www.work-press.org\/fr\/wp-content\/uploads\/2022\/07\/05_Logo_WP_union_press_workers_285x63_80-1.webp\",\"width\":285,\"height\":63,\"caption\":\"WorkPress\"},\"image\":{\"@id\":\"https:\/\/www.work-press.org\/fr\/#\/schema\/logo\/image\/\"}}]}<\/script>\n<!-- \/ Yoast SEO Premium plugin. -->","yoast_head_json":{"title":"Demande de Renouvellement - WorkPress","robots":{"index":"index","follow":"follow","max-snippet":"max-snippet:-1","max-image-preview":"max-image-preview:large","max-video-preview":"max-video-preview:-1"},"canonical":"https:\/\/www.work-press.org\/fr\/demande-de-renouvellement\/","og_locale":"fr_FR","og_type":"article","og_title":"Demande de Renouvellement","og_description":"Demande de Renouvellement de votre adh\u00e9sion Veuillez compl\u00e9ter ce formulaire qui sera transmis au service WorkPress qui g\u00e8re votre adh\u00e9sion.N&rsquo;h\u00e9sitez pas \u00e0 nous contacter afin d&rsquo;obtenir des informations compl\u00e9mentaires. \u00a0","og_url":"https:\/\/www.work-press.org\/fr\/demande-de-renouvellement\/","og_site_name":"WorkPress","article_modified_time":"2024-10-11T15:20:02+00:00","twitter_card":"summary_large_image","twitter_misc":{"Dur\u00e9e de lecture estim\u00e9e":"1 minute"},"schema":{"@context":"https:\/\/schema.org","@graph":[{"@type":"WebPage","@id":"https:\/\/www.work-press.org\/fr\/demande-de-renouvellement\/","url":"https:\/\/www.work-press.org\/fr\/demande-de-renouvellement\/","name":"Demande de Renouvellement - WorkPress","isPartOf":{"@id":"https:\/\/www.work-press.org\/fr\/#website"},"datePublished":"2024-10-11T13:53:17+00:00","dateModified":"2024-10-11T15:20:02+00:00","breadcrumb":{"@id":"https:\/\/www.work-press.org\/fr\/demande-de-renouvellement\/#breadcrumb"},"inLanguage":"fr-FR","potentialAction":[{"@type":"ReadAction","target":["https:\/\/www.work-press.org\/fr\/demande-de-renouvellement\/"]}]},{"@type":"BreadcrumbList","@id":"https:\/\/www.work-press.org\/fr\/demande-de-renouvellement\/#breadcrumb","itemListElement":[{"@type":"ListItem","position":1,"name":"Home","item":"https:\/\/www.work-press.org\/fr\/"},{"@type":"ListItem","position":2,"name":"Demande de Renouvellement"}]},{"@type":"WebSite","@id":"https:\/\/www.work-press.org\/fr\/#website","url":"https:\/\/www.work-press.org\/fr\/","name":"WorkPress","description":"Le site en fran\u00e7ais du Syndicat WorkPress","publisher":{"@id":"https:\/\/www.work-press.org\/fr\/#organization"},"potentialAction":[{"@type":"SearchAction","target":{"@type":"EntryPoint","urlTemplate":"https:\/\/www.work-press.org\/fr\/?s={search_term_string}"},"query-input":{"@type":"PropertyValueSpecification","valueRequired":true,"valueName":"search_term_string"}}],"inLanguage":"fr-FR"},{"@type":"Organization","@id":"https:\/\/www.work-press.org\/fr\/#organization","name":"WorkPress","url":"https:\/\/www.work-press.org\/fr\/","logo":{"@type":"ImageObject","inLanguage":"fr-FR","@id":"https:\/\/www.work-press.org\/fr\/#\/schema\/logo\/image\/","url":"https:\/\/www.work-press.org\/fr\/wp-content\/uploads\/2022\/07\/05_Logo_WP_union_press_workers_285x63_80-1.webp","contentUrl":"https:\/\/www.work-press.org\/fr\/wp-content\/uploads\/2022\/07\/05_Logo_WP_union_press_workers_285x63_80-1.webp","width":285,"height":63,"caption":"WorkPress"},"image":{"@id":"https:\/\/www.work-press.org\/fr\/#\/schema\/logo\/image\/"}}]}},"spectra_custom_meta":{"_edit_lock":["1728660004:1"],"_uag_custom_page_level_css":[""],"ast-site-content-layout":["default"],"site-post-title":["disabled"],"theme-transparent-header-meta":[""],"adv-header-id-meta":[""],"stick-header-meta":[""],"astra-migrate-meta-layouts":["set"],"footnotes":[""],"_edit_last":["1"],"_yoast_indexnow_last_ping":["1728660003"],"_yoast_wpseo_focuskeywords":[""],"_yoast_wpseo_keywordsynonyms":[""],"_yoast_wpseo_estimated-reading-time-minutes":["1"],"astra_style_timestamp_css":["1772225328"],"_yoast_wpseo_content_score":["90"],"_uag_page_assets":["a:9:{s:3:\"css\";s:7191:\".uagb-block-8e114b02.wp-block-uagb-image{text-align: center;justify-content: center;align-self: center;}.uagb-block-8e114b02 .wp-block-uagb-image__figure{align-items: center;}.uagb-block-8e114b02.wp-block-uagb-image--layout-default figure img{box-shadow: 3px 8px 12px 0px #00000070;}.uagb-block-8e114b02.wp-block-uagb-image .wp-block-uagb-image__figure figcaption{font-style: normal;align-self: center;}.uagb-block-8e114b02.wp-block-uagb-image--layout-overlay figure img{box-shadow: 3px 8px 12px 0px #00000070;}.uagb-block-8e114b02.wp-block-uagb-image--layout-overlay .wp-block-uagb-image--layout-overlay__color-wrapper{opacity: 0.2;}.uagb-block-8e114b02.wp-block-uagb-image--layout-overlay .wp-block-uagb-image--layout-overlay__inner{left: 15px;right: 15px;top: 15px;bottom: 15px;}.uagb-block-8e114b02.wp-block-uagb-image--layout-overlay .wp-block-uagb-image--layout-overlay__inner .uagb-image-heading{font-style: normal;color: #fff;opacity: 1;}.uagb-block-8e114b02.wp-block-uagb-image--layout-overlay .wp-block-uagb-image--layout-overlay__inner .uagb-image-heading a{color: #fff;}.uagb-block-8e114b02.wp-block-uagb-image--layout-overlay .wp-block-uagb-image--layout-overlay__inner .uagb-image-caption{opacity: 0;}.uagb-block-8e114b02.wp-block-uagb-image--layout-overlay .wp-block-uagb-image__figure:hover .wp-block-uagb-image--layout-overlay__color-wrapper{opacity: 1;}.uagb-block-8e114b02.wp-block-uagb-image .wp-block-uagb-image--layout-overlay__inner .uagb-image-separator{width: 30%;border-top-width: 2px;border-top-color: #fff;opacity: 0;}.uagb-block-8e114b02.wp-block-uagb-image .wp-block-uagb-image__figure img{width: 800px;height: 77px;}.uagb-block-8e114b02.wp-block-uagb-image .wp-block-uagb-image__figure:hover .wp-block-uagb-image--layout-overlay__inner .uagb-image-caption{opacity: 1;}.uagb-block-8e114b02.wp-block-uagb-image .wp-block-uagb-image__figure:hover .wp-block-uagb-image--layout-overlay__inner .uagb-image-separator{opacity: 1;}.uagb-block-8e114b02.wp-block-uagb-image--layout-default figure:hover img{box-shadow: 0px 0px 0 #00000070;}.uagb-block-8e114b02.wp-block-uagb-image--layout-overlay figure:hover img{box-shadow: 0px 0px 0 #00000070;}.uagb-block-8f7c835d.wp-block-uagb-image{text-align: center;justify-content: center;align-self: center;}.uagb-block-8f7c835d .wp-block-uagb-image__figure{align-items: center;}.uagb-block-8f7c835d.wp-block-uagb-image--layout-default figure img{box-shadow: 3px 8px 12px 0px #00000070;}.uagb-block-8f7c835d.wp-block-uagb-image .wp-block-uagb-image__figure figcaption{font-style: normal;align-self: center;}.uagb-block-8f7c835d.wp-block-uagb-image--layout-overlay figure img{box-shadow: 3px 8px 12px 0px #00000070;}.uagb-block-8f7c835d.wp-block-uagb-image--layout-overlay .wp-block-uagb-image--layout-overlay__color-wrapper{opacity: 0.2;}.uagb-block-8f7c835d.wp-block-uagb-image--layout-overlay .wp-block-uagb-image--layout-overlay__inner{left: 15px;right: 15px;top: 15px;bottom: 15px;}.uagb-block-8f7c835d.wp-block-uagb-image--layout-overlay .wp-block-uagb-image--layout-overlay__inner .uagb-image-heading{font-style: normal;color: #fff;opacity: 1;}.uagb-block-8f7c835d.wp-block-uagb-image--layout-overlay .wp-block-uagb-image--layout-overlay__inner .uagb-image-heading a{color: #fff;}.uagb-block-8f7c835d.wp-block-uagb-image--layout-overlay .wp-block-uagb-image--layout-overlay__inner .uagb-image-caption{opacity: 0;}.uagb-block-8f7c835d.wp-block-uagb-image--layout-overlay .wp-block-uagb-image__figure:hover .wp-block-uagb-image--layout-overlay__color-wrapper{opacity: 1;}.uagb-block-8f7c835d.wp-block-uagb-image .wp-block-uagb-image--layout-overlay__inner .uagb-image-separator{width: 30%;border-top-width: 2px;border-top-color: #fff;opacity: 0;}.uagb-block-8f7c835d.wp-block-uagb-image .wp-block-uagb-image__figure img{width: 350px;height: 360px;}.uagb-block-8f7c835d.wp-block-uagb-image .wp-block-uagb-image__figure:hover .wp-block-uagb-image--layout-overlay__inner .uagb-image-caption{opacity: 1;}.uagb-block-8f7c835d.wp-block-uagb-image .wp-block-uagb-image__figure:hover .wp-block-uagb-image--layout-overlay__inner .uagb-image-separator{opacity: 1;}.uagb-block-8f7c835d.wp-block-uagb-image--layout-default figure:hover img{box-shadow: 0px 0px 0 #00000070;}.uagb-block-8f7c835d.wp-block-uagb-image--layout-overlay figure:hover img{box-shadow: 0px 0px 0 #00000070;}.uagb-block-bd4847ae.wp-block-uagb-image{text-align: center;justify-content: center;align-self: center;}.uagb-block-bd4847ae .wp-block-uagb-image__figure{align-items: center;}.uagb-block-bd4847ae.wp-block-uagb-image--layout-default figure img{box-shadow: 3px 8px 12px 0px #00000070;}.uagb-block-bd4847ae.wp-block-uagb-image .wp-block-uagb-image__figure figcaption{font-style: normal;align-self: center;}.uagb-block-bd4847ae.wp-block-uagb-image--layout-overlay figure img{box-shadow: 3px 8px 12px 0px #00000070;}.uagb-block-bd4847ae.wp-block-uagb-image--layout-overlay .wp-block-uagb-image--layout-overlay__color-wrapper{opacity: 0.2;}.uagb-block-bd4847ae.wp-block-uagb-image--layout-overlay .wp-block-uagb-image--layout-overlay__inner{left: 15px;right: 15px;top: 15px;bottom: 15px;}.uagb-block-bd4847ae.wp-block-uagb-image--layout-overlay .wp-block-uagb-image--layout-overlay__inner .uagb-image-heading{font-style: normal;color: #fff;opacity: 1;}.uagb-block-bd4847ae.wp-block-uagb-image--layout-overlay .wp-block-uagb-image--layout-overlay__inner .uagb-image-heading a{color: #fff;}.uagb-block-bd4847ae.wp-block-uagb-image--layout-overlay .wp-block-uagb-image--layout-overlay__inner .uagb-image-caption{opacity: 0;}.uagb-block-bd4847ae.wp-block-uagb-image--layout-overlay .wp-block-uagb-image__figure:hover .wp-block-uagb-image--layout-overlay__color-wrapper{opacity: 1;}.uagb-block-bd4847ae.wp-block-uagb-image .wp-block-uagb-image--layout-overlay__inner .uagb-image-separator{width: 30%;border-top-width: 2px;border-top-color: #fff;opacity: 0;}.uagb-block-bd4847ae.wp-block-uagb-image .wp-block-uagb-image__figure img{width: px;height: px;}.uagb-block-bd4847ae.wp-block-uagb-image .wp-block-uagb-image__figure:hover .wp-block-uagb-image--layout-overlay__inner .uagb-image-caption{opacity: 1;}.uagb-block-bd4847ae.wp-block-uagb-image .wp-block-uagb-image__figure:hover .wp-block-uagb-image--layout-overlay__inner .uagb-image-separator{opacity: 1;}.uagb-block-bd4847ae.wp-block-uagb-image--layout-default figure:hover img{box-shadow: 0px 0px 0 #00000070;}.uagb-block-bd4847ae.wp-block-uagb-image--layout-overlay figure:hover img{box-shadow: 0px 0px 0 #00000070;}@media only screen and (max-width: 976px) {.uagb-block-8e114b02.wp-block-uagb-image .wp-block-uagb-image__figure img{width: 800px;height: auto;}.uagb-block-8f7c835d.wp-block-uagb-image .wp-block-uagb-image__figure img{width: 250px;height: auto;}.uagb-block-bd4847ae.wp-block-uagb-image .wp-block-uagb-image__figure img{width: 235px;height: auto;}}@media only screen and (max-width: 767px) {.uagb-block-8e114b02.wp-block-uagb-image .wp-block-uagb-image__figure img{width: 800px;height: auto;}.uagb-block-8f7c835d.wp-block-uagb-image .wp-block-uagb-image__figure img{width: 250px;height: auto;}.uagb-block-bd4847ae.wp-block-uagb-image .wp-block-uagb-image__figure img{width: 235px;height: auto;}}\";s:2:\"js\";s:0:\"\";s:18:\"current_block_list\";a:16:{i:0;s:10:\"core\/group\";i:1;s:10:\"uagb\/image\";i:2;s:11:\"core\/spacer\";i:4;s:12:\"core\/heading\";i:5;s:14:\"core\/paragraph\";i:6;s:9:\"core\/html\";i:7;s:11:\"core\/search\";i:8;s:17:\"core\/latest-posts\";i:9;s:20:\"core\/latest-comments\";i:10;s:13:\"core\/archives\";i:11;s:15:\"core\/categories\";i:12;s:10:\"core\/cover\";i:13;s:12:\"core\/columns\";i:14;s:11:\"core\/column\";i:15;s:9:\"core\/list\";i:16;s:14:\"core\/list-item\";}s:8:\"uag_flag\";b:1;s:11:\"uag_version\";s:10:\"1774620255\";s:6:\"gfonts\";a:0:{}s:10:\"gfonts_url\";s:0:\"\";s:12:\"gfonts_files\";a:0:{}s:14:\"uag_faq_layout\";b:0;}"]},"uagb_featured_image_src":{"full":false,"thumbnail":false,"medium":false,"medium_large":false,"large":false,"1536x1536":false,"2048x2048":false},"uagb_author_info":{"display_name":"WK2P-Team-fr","author_link":"https:\/\/www.work-press.org\/fr\/author\/wk2p-team-fr\/"},"uagb_comment_info":0,"uagb_excerpt":"Demande de Renouvellement de votre adh\u00e9sion Veuillez compl\u00e9ter ce formulaire qui sera transmis au service WorkPress qui g\u00e8re votre adh\u00e9sion.N&rsquo;h\u00e9sitez pas \u00e0 nous contacter afin d&rsquo;obtenir des informations compl\u00e9mentaires. \u00a0","_links":{"self":[{"href":"https:\/\/www.work-press.org\/fr\/wp-json\/wp\/v2\/pages\/2890","targetHints":{"allow":["GET"]}}],"collection":[{"href":"https:\/\/www.work-press.org\/fr\/wp-json\/wp\/v2\/pages"}],"about":[{"href":"https:\/\/www.work-press.org\/fr\/wp-json\/wp\/v2\/types\/page"}],"author":[{"embeddable":true,"href":"https:\/\/www.work-press.org\/fr\/wp-json\/wp\/v2\/users\/1"}],"replies":[{"embeddable":true,"href":"https:\/\/www.work-press.org\/fr\/wp-json\/wp\/v2\/comments?post=2890"}],"version-history":[{"count":0,"href":"https:\/\/www.work-press.org\/fr\/wp-json\/wp\/v2\/pages\/2890\/revisions"}],"wp:attachment":[{"href":"https:\/\/www.work-press.org\/fr\/wp-json\/wp\/v2\/media?parent=2890"}],"curies":[{"name":"wp","href":"https:\/\/api.w.org\/{rel}","templated":true}]}}